{"id":71,"date":"2020-04-22T17:40:35","date_gmt":"2020-04-22T15:40:35","guid":{"rendered":"https:\/\/www.die-lautmalerei.de\/?page_id=71"},"modified":"2022-01-31T17:07:23","modified_gmt":"2022-01-31T16:07:23","slug":"fuer-studierende","status":"publish","type":"page","link":"https:\/\/www.die-lautmalerei.de\/?page_id=71","title":{"rendered":"F\u00fcr Studierende"},"content":{"rendered":"\n<p>Du m\u00f6chtest eine <strong>fehlerfreie Abschluss- oder Hausarbeit<\/strong> abgeben? Du hast das Gef\u00fchl, <strong>zu umgangssprachlich zu schreiben<\/strong>, oder f\u00fchlst Dich <strong>in der deutschen Sprache noch nicht ganz sicher<\/strong>? Du schreibst vielleicht <strong>zum ersten Mal eine wissenschaftliche Arbeit<\/strong>, und wei\u00dft nicht, wie Du anfangen sollst? Die <strong>wei\u00dfe Seite<\/strong> blickt Dich <strong>bedrohlich<\/strong> an? Dann bis Du hier richtig.<\/p>\n\n\n\n<p>An wissenschaftliche Arbeiten im Studium werden ganz bestimmte Anforderungen gestellt: Sie m\u00fcssen einen <strong>wissenschaftlichen Schreibstil<\/strong> einhalten, alle <strong>formalen Vorgaben<\/strong> genau<strong> <\/strong>erf\u00fcllen; alle <strong>Argumente und Positionen <\/strong>sollen <strong>stichhaltig dargestellt<\/strong> sein, <strong>keine Quelle darf fehlen<\/strong>, der <strong>rote Faden<\/strong> muss erkennbar sein, und ggf. sollte auch die eigene <strong>Forschungsarbeit transparent pr\u00e4sentiert<\/strong> werden.<\/p>\n\n\n\n<p>Damit Du aus Deiner Bachelorarbeit, Masterarbeit, Hausarbeit, Studienarbeit oder Deinem Expos\u00e9 das Beste herausholst, gibt es bei mir folgende M\u00f6glichkeiten:<\/p>\n\n\n\n<ul class=\"wp-block-list\"><li><strong>Korrektorat:<\/strong> f\u00fcr Fehlerfreiheit<\/li><li><strong>Lektorat:<\/strong> f\u00fcr Fehlerfreiheit, Stil und sprachlichen Ausdruck<\/li><li><strong>Wissenschaftslektorat:<\/strong> f\u00fcr Fehlerfreiheit, einen konsequent wissenschaftlichen Schreibstil, Genauigkeit der Quellengaben, stichhaltige Argumentationslinien, methodische Darstellung etc.<\/li><li><strong>Schreibberatung\/wissenschaftliches Coaching:<\/strong> um wissenschaftliches Schreiben zu erlernen und zu verbessern, Motivationstiefs zu \u00fcberwinden und eine gesunde Arbeitsweise zu finden <\/li><\/ul>\n\n\n\n<p>Alle Details kannst Du unter <a href=\"https:\/\/www.die-lautmalerei.de\/?page_id=141\">Leistungen<\/a>, <a href=\"https:\/\/www.die-lautmalerei.de\/?page_id=46\">Honorare<\/a> und in den <a href=\"https:\/\/www.die-lautmalerei.de\/?page_id=58\">FAQ<\/a> nachlesen. <strong>F\u00fcr Studierende biete ich g\u00fcnstigere Preise an.<\/strong><\/p>\n\n\n\n<p>Aufgrund meiner eigenen Forschungs- und Publikationst\u00e4tigkeiten habe ich mich im Wissenschaftslektorat <strong>auf Texte aus den Sozial- und Geisteswissenschaften spezialisiert<\/strong>, einschlie\u00dflich der <\/p>\n\n\n\n<ul class=\"wp-block-list\"><li>Erziehungswissenschaften,<\/li><li>Sozialen Arbeit bzw. Sozialp\u00e4dagogik,<\/li><li>Organisationsp\u00e4dagogik,<\/li><li>Heilp\u00e4dagogik,<\/li><li>Theaterp\u00e4dagogik,<\/li><li>Soziologie,<\/li><li>Theaterwissenschaften,<\/li><li>Bildung und Erziehung sowie<\/li><li>Ethnologie.<\/li><\/ul>\n\n\n\n<p>In vielen <strong>Erhebungs- und Auswertungsmethoden<\/strong> verf\u00fcge ich auch selbst \u00fcber <strong>Anwendungserfahrung<\/strong>, insbesondere:<\/p>\n\n\n\n<ul class=\"wp-block-list\"><li>qualitative Interviews (Expert*inneninterviews, problemzentrierte Interviews),<\/li><li>Online-Umfragen,<\/li><li>Gruppendiskussionen,<\/li><li>Teilnehmende Beobachtung,<\/li><li>Kritische Diskursanalyse (KDA),<\/li><li>Qualitative Inhaltsanalyse und<\/li><li>systematische Metaphernanalyse.<\/li><\/ul>\n\n\n\n<p>Du kannst mir gern <a href=\"https:\/\/www.die-lautmalerei.de\/?page_id=130\">Deinen Text zusenden oder mich unverbindlich kontaktieren<\/a>, um <strong>Fragen zu stellen<\/strong>, ein <strong>Probelektorat<\/strong> anzufordern, oder einen <strong>Termin<\/strong> zu <strong>reservieren<\/strong>.<\/p>\n","protected":false},"excerpt":{"rendered":"<p>Du m\u00f6chtest eine fehlerfreie Abschluss- oder Hausarbeit abgeben? Du hast das Gef\u00fchl, zu umgangssprachlich zu schreiben, oder f\u00fchlst Dich in&hellip; <\/p>\n","protected":false},"author":1,"featured_media":0,"parent":0,"menu_order":0,"comment_status":"closed","ping_status":"closed","template":"","meta":{"footnotes":""},"class_list":["post-71","page","type-page","status-publish","hentry"],"yoast_head":"<!-- This site is optimized with the Yoast SEO plugin v27.5 - https:\/\/yoast.com\/product\/yoast-seo-wordpress\/ -->\n<title>F\u00fcr Studierende - Die Lautmalerei<\/title>\n<meta name=\"robots\" content=\"index, follow, max-snippet:-1, max-image-preview:large, max-video-preview:-1\" \/>\n<link rel=\"canonical\" href=\"https:\/\/www.die-lautmalerei.de\/?page_id=71\" \/>\n<meta property=\"og:locale\" content=\"de_DE\" \/>\n<meta property=\"og:type\" content=\"article\" \/>\n<meta property=\"og:title\" content=\"F\u00fcr Studierende - Die Lautmalerei\" \/>\n<meta property=\"og:description\" content=\"Du m\u00f6chtest eine fehlerfreie Abschluss- oder Hausarbeit abgeben? Du hast das Gef\u00fchl, zu umgangssprachlich zu schreiben, oder f\u00fchlst Dich in&hellip;\" \/>\n<meta property=\"og:url\" content=\"https:\/\/www.die-lautmalerei.de\/?page_id=71\" \/>\n<meta property=\"og:site_name\" content=\"Die Lautmalerei\" \/>\n<meta property=\"article:modified_time\" content=\"2022-01-31T16:07:23+00:00\" \/>\n<meta name=\"twitter:card\" content=\"summary_large_image\" \/>\n<meta name=\"twitter:label1\" content=\"Gesch\u00e4tzte Lesezeit\" \/>\n\t<meta name=\"twitter:data1\" content=\"2\u00a0Minuten\" \/>\n<script type=\"application\/ld+json\" class=\"yoast-schema-graph\">{\"@context\":\"https:\\\/\\\/schema.org\",\"@graph\":[{\"@type\":\"WebPage\",\"@id\":\"https:\\\/\\\/www.die-lautmalerei.de\\\/?page_id=71\",\"url\":\"https:\\\/\\\/www.die-lautmalerei.de\\\/?page_id=71\",\"name\":\"F\u00fcr Studierende - Die Lautmalerei\",\"isPartOf\":{\"@id\":\"https:\\\/\\\/www.die-lautmalerei.de\\\/#website\"},\"datePublished\":\"2020-04-22T15:40:35+00:00\",\"dateModified\":\"2022-01-31T16:07:23+00:00\",\"breadcrumb\":{\"@id\":\"https:\\\/\\\/www.die-lautmalerei.de\\\/?page_id=71#breadcrumb\"},\"inLanguage\":\"de\",\"potentialAction\":[{\"@type\":\"ReadAction\",\"target\":[\"https:\\\/\\\/www.die-lautmalerei.de\\\/?page_id=71\"]}]},{\"@type\":\"BreadcrumbList\",\"@id\":\"https:\\\/\\\/www.die-lautmalerei.de\\\/?page_id=71#breadcrumb\",\"itemListElement\":[{\"@type\":\"ListItem\",\"position\":1,\"name\":\"Startseite\",\"item\":\"https:\\\/\\\/www.die-lautmalerei.de\\\/\"},{\"@type\":\"ListItem\",\"position\":2,\"name\":\"F\u00fcr Studierende\"}]},{\"@type\":\"WebSite\",\"@id\":\"https:\\\/\\\/www.die-lautmalerei.de\\\/#website\",\"url\":\"https:\\\/\\\/www.die-lautmalerei.de\\\/\",\"name\":\"Die Lautmalerei\",\"description\":\"Lektorat und Text\",\"potentialAction\":[{\"@type\":\"SearchAction\",\"target\":{\"@type\":\"EntryPoint\",\"urlTemplate\":\"https:\\\/\\\/www.die-lautmalerei.de\\\/?s={search_term_string}\"},\"query-input\":{\"@type\":\"PropertyValueSpecification\",\"valueRequired\":true,\"valueName\":\"search_term_string\"}}],\"inLanguage\":\"de\"}]}<\/script>\n<!-- \/ Yoast SEO plugin. -->","yoast_head_json":{"title":"F\u00fcr Studierende - Die Lautmalerei","robots":{"index":"index","follow":"follow","max-snippet":"max-snippet:-1","max-image-preview":"max-image-preview:large","max-video-preview":"max-video-preview:-1"},"canonical":"https:\/\/www.die-lautmalerei.de\/?page_id=71","og_locale":"de_DE","og_type":"article","og_title":"F\u00fcr Studierende - Die Lautmalerei","og_description":"Du m\u00f6chtest eine fehlerfreie Abschluss- oder Hausarbeit abgeben? Du hast das Gef\u00fchl, zu umgangssprachlich zu schreiben, oder f\u00fchlst Dich in&hellip;","og_url":"https:\/\/www.die-lautmalerei.de\/?page_id=71","og_site_name":"Die Lautmalerei","article_modified_time":"2022-01-31T16:07:23+00:00","twitter_card":"summary_large_image","twitter_misc":{"Gesch\u00e4tzte Lesezeit":"2\u00a0Minuten"},"schema":{"@context":"https:\/\/schema.org","@graph":[{"@type":"WebPage","@id":"https:\/\/www.die-lautmalerei.de\/?page_id=71","url":"https:\/\/www.die-lautmalerei.de\/?page_id=71","name":"F\u00fcr Studierende - Die Lautmalerei","isPartOf":{"@id":"https:\/\/www.die-lautmalerei.de\/#website"},"datePublished":"2020-04-22T15:40:35+00:00","dateModified":"2022-01-31T16:07:23+00:00","breadcrumb":{"@id":"https:\/\/www.die-lautmalerei.de\/?page_id=71#breadcrumb"},"inLanguage":"de","potentialAction":[{"@type":"ReadAction","target":["https:\/\/www.die-lautmalerei.de\/?page_id=71"]}]},{"@type":"BreadcrumbList","@id":"https:\/\/www.die-lautmalerei.de\/?page_id=71#breadcrumb","itemListElement":[{"@type":"ListItem","position":1,"name":"Startseite","item":"https:\/\/www.die-lautmalerei.de\/"},{"@type":"ListItem","position":2,"name":"F\u00fcr Studierende"}]},{"@type":"WebSite","@id":"https:\/\/www.die-lautmalerei.de\/#website","url":"https:\/\/www.die-lautmalerei.de\/","name":"Die Lautmalerei","description":"Lektorat und Text","potentialAction":[{"@type":"SearchAction","target":{"@type":"EntryPoint","urlTemplate":"https:\/\/www.die-lautmalerei.de\/?s={search_term_string}"},"query-input":{"@type":"PropertyValueSpecification","valueRequired":true,"valueName":"search_term_string"}}],"inLanguage":"de"}]}},"_links":{"self":[{"href":"https:\/\/www.die-lautmalerei.de\/index.php?rest_route=\/wp\/v2\/pages\/71","targetHints":{"allow":["GET"]}}],"collection":[{"href":"https:\/\/www.die-lautmalerei.de\/index.php?rest_route=\/wp\/v2\/pages"}],"about":[{"href":"https:\/\/www.die-lautmalerei.de\/index.php?rest_route=\/wp\/v2\/types\/page"}],"author":[{"embeddable":true,"href":"https:\/\/www.die-lautmalerei.de\/index.php?rest_route=\/wp\/v2\/users\/1"}],"replies":[{"embeddable":true,"href":"https:\/\/www.die-lautmalerei.de\/index.php?rest_route=%2Fwp%2Fv2%2Fcomments&post=71"}],"version-history":[{"count":4,"href":"https:\/\/www.die-lautmalerei.de\/index.php?rest_route=\/wp\/v2\/pages\/71\/revisions"}],"predecessor-version":[{"id":252,"href":"https:\/\/www.die-lautmalerei.de\/index.php?rest_route=\/wp\/v2\/pages\/71\/revisions\/252"}],"wp:attachment":[{"href":"https:\/\/www.die-lautmalerei.de\/index.php?rest_route=%2Fwp%2Fv2%2Fmedia&parent=71"}],"curies":[{"name":"wp","href":"https:\/\/api.w.org\/{rel}","templated":true}]}}