{"id":58,"date":"2020-04-22T17:30:43","date_gmt":"2020-04-22T15:30:43","guid":{"rendered":"https:\/\/www.die-lautmalerei.de\/?page_id=58"},"modified":"2022-01-31T17:01:32","modified_gmt":"2022-01-31T16:01:32","slug":"faq","status":"publish","type":"page","link":"https:\/\/www.die-lautmalerei.de\/?page_id=58","title":{"rendered":"FAQ"},"content":{"rendered":"\n<ul class=\"wp-block-list\"><li><a href=\"#WelcheDokumente\">Welche Dokumente k\u00f6nnen bearbeitet werden?<\/a><\/li><li><a href=\"#wielange\">Wie lange dauert das Lektorat?<\/a><\/li><li><a href=\"#Ergebnis\">Welches Ergebnis kann ich erwarten?<\/a><\/li><li><a href=\"#Beratung\">Ich bin mir nicht sicher, was ich genau ben\u00f6tige. K\u00f6nnen Sie mir helfen?<\/a><\/li><li><a href=\"#legal\">Sind Lektorat und Coaching bei Abschluss- und Studienarbeiten legal?<\/a><\/li><li><a href=\"#Bezahlung\">Wie verl\u00e4uft die Bezahlung?<\/a><\/li><li><a href=\"#Datensicherheit\">Sind meine Daten sicher?<\/a><\/li><li><a href=\"#andere-Texte\">Ich passe nicht in Ihre Zielgruppen, nehmen Sie auch andere Texte an?<\/a><\/li><\/ul>\n\n\n\n<h5 class=\"wp-block-heading\" id=\"WelcheDokumente\"><mark style=\"background-color:rgba(0, 0, 0, 0)\" class=\"has-inline-color has-vivid-cyan-blue-color\">Welche Dokumente k\u00f6nnen bearbeitet werden?<\/mark><\/h5>\n\n\n\n<p>Das Lektorieren finden in der Regel in <em>MS Word<\/em> oder <em>Libre Office Writer<\/em> statt. Daher <strong>senden Sie mir bestenfalls <em>MS Office<\/em>&#8211; oder <em>Open Office<\/em>-Dokumente<\/strong>. Mittels der Kommentarfunktion ist jedoch grunds\u00e4tzlich auch die Bearbeitung von PDF- und anderen Dateien m\u00f6glich.  <\/p>\n\n\n\n<h5 class=\"wp-block-heading\" id=\"wielange\"><mark style=\"background-color:rgba(0, 0, 0, 0)\" class=\"has-inline-color has-vivid-cyan-blue-color\">Wie lange dauert das Lektorat?<\/mark><\/h5>\n\n\n\n<p>Dabei kommt es nat\u00fcrlich auf den Text an. <strong>Eine Bachelorarbeit z. B. ist durchschnittlich in zwei bis drei Arbeitstagen lektoriert.<\/strong> Wenn Sie mich <a href=\"https:\/\/www.die-lautmalerei.de\/?page_id=130\">fr\u00fchzeitig \u00fcber ihren Terminwunsch informieren<\/a>, reserviere ich mir die daf\u00fcr ben\u00f6tigte Zeit. Auch Expressauftr\u00e4ge sind <a href=\"https:\/\/www.die-lautmalerei.de\/?page_id=130\">auf Anfrage<\/a> m\u00f6glich.<\/p>\n\n\n\n<h5 class=\"wp-block-heading\" id=\"Ergebnis\"><mark style=\"background-color:rgba(0, 0, 0, 0)\" class=\"has-inline-color has-vivid-cyan-blue-color\">Welches Ergebnis kann ich erwarten?<\/mark><\/h5>\n\n\n\n<p>Nach abgeschlossenem<strong> Korrektorat <\/strong>oder <strong>Formatieren<\/strong> erhalten Sie <strong>zwei Dokumente<\/strong>:<\/p>\n\n\n\n<ol class=\"wp-block-list\"><li>Ihren Text, in dem mit <em>\u00c4nderungen Nachverfolgen<\/em> alle Ver\u00e4nderungen und Kommentare sichtbar sind, so dass Sie diese einzeln anschauen, annehmen oder ablehnen k\u00f6nnen.<\/li><li>Den &#8222;fertigen&#8220; Text, in welchem alle \u00c4nderungen bereits angenommen sind, und mit dem Sie einfach weiterarbeiten k\u00f6nnen.<\/li><\/ol>\n\n\n\n<p>Nach dem <strong>Lektorat oder Wissenschaftslektorat<\/strong> erhalten Sie <strong>drei Dokumente<\/strong>:<\/p>\n\n\n\n<ol class=\"wp-block-list\"><li>Ihren Text, in dem mit <em>\u00c4nderungen Nachverfolgen<\/em> alle Ver\u00e4nderungen und Kommentare sichtbar sind, so dass Sie diese einzeln anschauen, annehmen oder ablehnen k\u00f6nnen.<\/li><li>Den &#8222;fertigen&#8220; Text, in welchem alle \u00c4nderungen bereits angenommen sind, und mit dem Sie einfach weiterarbeiten k\u00f6nnen.<\/li><li>Eine Datei mit schriftlichem Feedback zu Stil, Ausdruck, rotem Faden, Schl\u00fcssigkeit und weiteren Tipps.<\/li><\/ol>\n\n\n\n<h5 class=\"wp-block-heading\" id=\"Beratung\"><mark style=\"background-color:rgba(0, 0, 0, 0)\" class=\"has-inline-color has-vivid-cyan-blue-color\">Ich bin mir nicht sicher, was ich genau ben\u00f6tige. K\u00f6nnen Sie mir helfen?<\/mark><\/h5>\n\n\n\n<p>Unter <a href=\"https:\/\/www.die-lautmalerei.de\/?page_id=141\">&#8222;Leistungen&#8220;<\/a> finden Sie eine detaillierte Aufschl\u00fcsselung des Angebots. <a href=\"https:\/\/www.die-lautmalerei.de\/?page_id=130\">Sprechen Sie mich auch gern<\/a> an und senden mir einen Teil des Textes, dann <strong>berate ich Sie entsprechend<\/strong>.<\/p>\n\n\n\n<h5 class=\"wp-block-heading\" id=\"legal\"><mark style=\"background-color:rgba(0, 0, 0, 0)\" class=\"has-inline-color has-vivid-cyan-blue-color\">Sind Lektorat und Coaching bei Abschluss- und Studienarbeiten legal?<\/mark><\/h5>\n\n\n\n<p>Ja, <strong>Lektorat und Coaching sind legal<\/strong> und seitens vieler Hochschulen und Universit\u00e4ten auch erw\u00fcnscht. Beim Lektorat werden sprachliche Fehler aufgezeigt, und es wird ein Feedback zu Ausdruck, Stil und Schl\u00fcssigkeit angeboten. In der Schreibberatung lernst Du, wissenschaftlich zu schreiben und eine Arbeitsweise zu entwickeln, die Dir langfristig gut tut.<\/p>\n\n\n\n<p>Du bekommst also <strong>Hilfe, um Deinen eigenen Text zu erstellen<\/strong>. Der Text wird aber <strong>nicht f\u00fcr Dich verfasst<\/strong> &#8211; das w\u00e4re Ghostwriting. <a href=\"https:\/\/www.e-recht24.de\/artikel\/haftunginhalte\/8221-ghostwriting-ist-das-strafbar-was-ist-erlaubt.html\">Das Ghostwriting akademischer Qualifikationsarbeiten ist in Deutschland illegal oder bestenfalls rechtlich sehr heikel. Es widerspricht in jedem Fall Deiner eidesstattlichen Versicherung an die Hochschule, die Arbeit eigenst\u00e4ndig angefertigt zu haben.<\/a><\/p>\n\n\n\n<h5 class=\"wp-block-heading\" id=\"Bezahlung\"><mark style=\"background-color:rgba(0, 0, 0, 0)\" class=\"has-inline-color has-vivid-cyan-blue-color\">Wie verl\u00e4uft die Bezahlung?<\/mark><\/h5>\n\n\n\n<p>Nach Abschluss des Lektorats erhalten Sie eine <strong>Rechnung<\/strong>, die Sie per <strong>Bank\u00fcberweisung<\/strong> begleichen. Bei sehr umfangreichen Arbeiten fordere ich ggf. vorab einen Teil des Betrags an.<\/p>\n\n\n\n<h5 class=\"wp-block-heading\" id=\"Datensicherheit\"><mark style=\"background-color:rgba(0, 0, 0, 0)\" class=\"has-inline-color has-vivid-cyan-blue-color\">Sind meine Daten sicher?<\/mark><\/h5>\n\n\n\n<p>Ja, soweit es mir m\u00f6glich ist, das zu gew\u00e4hrleisten. Ihre <strong>Dateien werden ausschlie\u00dflich auf meinem Computer sowie ggf. auf einem eigens angemieteten Server abgelegt<\/strong>, und sechs Wochen nach dem Abschluss des Auftrags gel\u00f6scht. Ich <strong>verpflichte mich dar\u00fcber hinaus zur Verschwiegenheit<\/strong> \u00fcber Ihre Angaben und Inhalte.<\/p>\n\n\n\n<h5 class=\"wp-block-heading\" id=\"andere-Texte\"><mark style=\"background-color:rgba(0, 0, 0, 0)\" class=\"has-inline-color has-vivid-cyan-blue-color\">Ich passe nicht in Ihre Zielgruppen, nehmen Sie auch andere Texte an?<\/mark><\/h5>\n\n\n\n<p><strong>Grunds\u00e4tzlich ja<\/strong>: Auch das \u00dcberarbeiten von Bewerbungsunterlagen, Korrespondenz und weiteren Textformen ist mir nicht fremd. <a href=\"https:\/\/www.die-lautmalerei.de\/?page_id=130\">Fragen Sie mich gern an <\/a>&#8211; wenn ein Text nicht in meine Kompetenz f\u00e4llt, melde ich Ihnen das auch ehrlich zur\u00fcck.<\/p>\n","protected":false},"excerpt":{"rendered":"<p>Welche Dokumente k\u00f6nnen bearbeitet werden? Wie lange dauert das Lektorat? Welches Ergebnis kann ich erwarten? Ich bin mir nicht sicher,&hellip; <\/p>\n","protected":false},"author":1,"featured_media":0,"parent":0,"menu_order":0,"comment_status":"closed","ping_status":"closed","template":"","meta":{"footnotes":""},"class_list":["post-58","page","type-page","status-publish","hentry"],"yoast_head":"<!-- This site is optimized with the Yoast SEO plugin v27.4 - https:\/\/yoast.com\/product\/yoast-seo-wordpress\/ -->\n<title>FAQ - Die Lautmalerei<\/title>\n<meta name=\"robots\" content=\"index, follow, max-snippet:-1, max-image-preview:large, max-video-preview:-1\" \/>\n<link rel=\"canonical\" href=\"https:\/\/www.die-lautmalerei.de\/?page_id=58\" \/>\n<meta property=\"og:locale\" content=\"de_DE\" \/>\n<meta property=\"og:type\" content=\"article\" \/>\n<meta property=\"og:title\" content=\"FAQ - Die Lautmalerei\" \/>\n<meta property=\"og:description\" content=\"Welche Dokumente k\u00f6nnen bearbeitet werden? Wie lange dauert das Lektorat? Welches Ergebnis kann ich erwarten? Ich bin mir nicht sicher,&hellip;\" \/>\n<meta property=\"og:url\" content=\"https:\/\/www.die-lautmalerei.de\/?page_id=58\" \/>\n<meta property=\"og:site_name\" content=\"Die Lautmalerei\" \/>\n<meta property=\"article:modified_time\" content=\"2022-01-31T16:01:32+00:00\" \/>\n<meta name=\"twitter:card\" content=\"summary_large_image\" \/>\n<meta name=\"twitter:label1\" content=\"Gesch\u00e4tzte Lesezeit\" \/>\n\t<meta name=\"twitter:data1\" content=\"4\u00a0Minuten\" \/>\n<script type=\"application\/ld+json\" class=\"yoast-schema-graph\">{\"@context\":\"https:\\\/\\\/schema.org\",\"@graph\":[{\"@type\":\"WebPage\",\"@id\":\"https:\\\/\\\/www.die-lautmalerei.de\\\/?page_id=58\",\"url\":\"https:\\\/\\\/www.die-lautmalerei.de\\\/?page_id=58\",\"name\":\"FAQ - Die Lautmalerei\",\"isPartOf\":{\"@id\":\"https:\\\/\\\/www.die-lautmalerei.de\\\/#website\"},\"datePublished\":\"2020-04-22T15:30:43+00:00\",\"dateModified\":\"2022-01-31T16:01:32+00:00\",\"breadcrumb\":{\"@id\":\"https:\\\/\\\/www.die-lautmalerei.de\\\/?page_id=58#breadcrumb\"},\"inLanguage\":\"de\",\"potentialAction\":[{\"@type\":\"ReadAction\",\"target\":[\"https:\\\/\\\/www.die-lautmalerei.de\\\/?page_id=58\"]}]},{\"@type\":\"BreadcrumbList\",\"@id\":\"https:\\\/\\\/www.die-lautmalerei.de\\\/?page_id=58#breadcrumb\",\"itemListElement\":[{\"@type\":\"ListItem\",\"position\":1,\"name\":\"Startseite\",\"item\":\"https:\\\/\\\/www.die-lautmalerei.de\\\/\"},{\"@type\":\"ListItem\",\"position\":2,\"name\":\"FAQ\"}]},{\"@type\":\"WebSite\",\"@id\":\"https:\\\/\\\/www.die-lautmalerei.de\\\/#website\",\"url\":\"https:\\\/\\\/www.die-lautmalerei.de\\\/\",\"name\":\"Die Lautmalerei\",\"description\":\"Lektorat und Text\",\"potentialAction\":[{\"@type\":\"SearchAction\",\"target\":{\"@type\":\"EntryPoint\",\"urlTemplate\":\"https:\\\/\\\/www.die-lautmalerei.de\\\/?s={search_term_string}\"},\"query-input\":{\"@type\":\"PropertyValueSpecification\",\"valueRequired\":true,\"valueName\":\"search_term_string\"}}],\"inLanguage\":\"de\"}]}<\/script>\n<!-- \/ Yoast SEO plugin. -->","yoast_head_json":{"title":"FAQ - Die Lautmalerei","robots":{"index":"index","follow":"follow","max-snippet":"max-snippet:-1","max-image-preview":"max-image-preview:large","max-video-preview":"max-video-preview:-1"},"canonical":"https:\/\/www.die-lautmalerei.de\/?page_id=58","og_locale":"de_DE","og_type":"article","og_title":"FAQ - Die Lautmalerei","og_description":"Welche Dokumente k\u00f6nnen bearbeitet werden? Wie lange dauert das Lektorat? Welches Ergebnis kann ich erwarten? Ich bin mir nicht sicher,&hellip;","og_url":"https:\/\/www.die-lautmalerei.de\/?page_id=58","og_site_name":"Die Lautmalerei","article_modified_time":"2022-01-31T16:01:32+00:00","twitter_card":"summary_large_image","twitter_misc":{"Gesch\u00e4tzte Lesezeit":"4\u00a0Minuten"},"schema":{"@context":"https:\/\/schema.org","@graph":[{"@type":"WebPage","@id":"https:\/\/www.die-lautmalerei.de\/?page_id=58","url":"https:\/\/www.die-lautmalerei.de\/?page_id=58","name":"FAQ - Die Lautmalerei","isPartOf":{"@id":"https:\/\/www.die-lautmalerei.de\/#website"},"datePublished":"2020-04-22T15:30:43+00:00","dateModified":"2022-01-31T16:01:32+00:00","breadcrumb":{"@id":"https:\/\/www.die-lautmalerei.de\/?page_id=58#breadcrumb"},"inLanguage":"de","potentialAction":[{"@type":"ReadAction","target":["https:\/\/www.die-lautmalerei.de\/?page_id=58"]}]},{"@type":"BreadcrumbList","@id":"https:\/\/www.die-lautmalerei.de\/?page_id=58#breadcrumb","itemListElement":[{"@type":"ListItem","position":1,"name":"Startseite","item":"https:\/\/www.die-lautmalerei.de\/"},{"@type":"ListItem","position":2,"name":"FAQ"}]},{"@type":"WebSite","@id":"https:\/\/www.die-lautmalerei.de\/#website","url":"https:\/\/www.die-lautmalerei.de\/","name":"Die Lautmalerei","description":"Lektorat und Text","potentialAction":[{"@type":"SearchAction","target":{"@type":"EntryPoint","urlTemplate":"https:\/\/www.die-lautmalerei.de\/?s={search_term_string}"},"query-input":{"@type":"PropertyValueSpecification","valueRequired":true,"valueName":"search_term_string"}}],"inLanguage":"de"}]}},"_links":{"self":[{"href":"https:\/\/www.die-lautmalerei.de\/index.php?rest_route=\/wp\/v2\/pages\/58","targetHints":{"allow":["GET"]}}],"collection":[{"href":"https:\/\/www.die-lautmalerei.de\/index.php?rest_route=\/wp\/v2\/pages"}],"about":[{"href":"https:\/\/www.die-lautmalerei.de\/index.php?rest_route=\/wp\/v2\/types\/page"}],"author":[{"embeddable":true,"href":"https:\/\/www.die-lautmalerei.de\/index.php?rest_route=\/wp\/v2\/users\/1"}],"replies":[{"embeddable":true,"href":"https:\/\/www.die-lautmalerei.de\/index.php?rest_route=%2Fwp%2Fv2%2Fcomments&post=58"}],"version-history":[{"count":18,"href":"https:\/\/www.die-lautmalerei.de\/index.php?rest_route=\/wp\/v2\/pages\/58\/revisions"}],"predecessor-version":[{"id":382,"href":"https:\/\/www.die-lautmalerei.de\/index.php?rest_route=\/wp\/v2\/pages\/58\/revisions\/382"}],"wp:attachment":[{"href":"https:\/\/www.die-lautmalerei.de\/index.php?rest_route=%2Fwp%2Fv2%2Fmedia&parent=58"}],"curies":[{"name":"wp","href":"https:\/\/api.w.org\/{rel}","templated":true}]}}