{"id":160,"date":"2020-04-26T18:47:59","date_gmt":"2020-04-26T16:47:59","guid":{"rendered":"https:\/\/www.die-lautmalerei.de\/?page_id=160"},"modified":"2020-04-26T18:48:50","modified_gmt":"2020-04-26T16:48:50","slug":"die-genaue-definition-von-lautmalerei","status":"publish","type":"page","link":"https:\/\/www.die-lautmalerei.de\/?page_id=160","title":{"rendered":"Die genaue Definition von Lautmalerei"},"content":{"rendered":"\n<p>Erwischt! Meine Definition von Lautmalerei stimmt nur ungef\u00e4hr. Aber ist sie nicht eine sch\u00f6ne Metapher? F\u00fcr Genau-wissen-Woller*innen: Lautmalerei bezeichnet in der Linguistik die<\/p>\n\n\n\n<blockquote class=\"wp-block-quote is-layout-flow wp-block-quote-is-layout-flow\"><p>lautliche Gestaltung sprachlicher Ausdr\u00fccke in einer Weise, die den gemeinten Gegenstand oder Vorgang oder das gemeinte Lebewesen nachahmt.<\/p><cite>https:\/\/www.wortbedeutung.info\/Lautmalerei\/<\/cite><\/blockquote>\n\n\n\n<p>Bittesch\u00f6n. Jetzt aber zur\u00fcck <a href=\"https:\/\/www.die-lautmalerei.de\/\">zum Wesentlichen<\/a>!<\/p>\n","protected":false},"excerpt":{"rendered":"<p>Erwischt! Meine Definition von Lautmalerei stimmt nur ungef\u00e4hr. Aber ist sie nicht eine sch\u00f6ne Metapher? F\u00fcr Genau-wissen-Woller*innen: Lautmalerei bezeichnet in&hellip; <\/p>\n","protected":false},"author":1,"featured_media":0,"parent":0,"menu_order":0,"comment_status":"closed","ping_status":"closed","template":"","meta":{"footnotes":""},"class_list":["post-160","page","type-page","status-publish","hentry"],"yoast_head":"<!-- This site is optimized with the Yoast SEO plugin v27.6 - https:\/\/yoast.com\/product\/yoast-seo-wordpress\/ -->\n<title>Die genaue Definition von Lautmalerei - Die Lautmalerei<\/title>\n<meta name=\"robots\" content=\"index, follow, max-snippet:-1, max-image-preview:large, max-video-preview:-1\" \/>\n<link rel=\"canonical\" href=\"https:\/\/www.die-lautmalerei.de\/?page_id=160\" \/>\n<meta property=\"og:locale\" content=\"de_DE\" \/>\n<meta property=\"og:type\" content=\"article\" \/>\n<meta property=\"og:title\" content=\"Die genaue Definition von Lautmalerei - Die Lautmalerei\" \/>\n<meta property=\"og:description\" content=\"Erwischt! Meine Definition von Lautmalerei stimmt nur ungef\u00e4hr. Aber ist sie nicht eine sch\u00f6ne Metapher? F\u00fcr Genau-wissen-Woller*innen: Lautmalerei bezeichnet in&hellip;\" \/>\n<meta property=\"og:url\" content=\"https:\/\/www.die-lautmalerei.de\/?page_id=160\" \/>\n<meta property=\"og:site_name\" content=\"Die Lautmalerei\" \/>\n<meta property=\"article:modified_time\" content=\"2020-04-26T16:48:50+00:00\" \/>\n<meta name=\"twitter:card\" content=\"summary_large_image\" \/>\n<script type=\"application\/ld+json\" class=\"yoast-schema-graph\">{\"@context\":\"https:\\\/\\\/schema.org\",\"@graph\":[{\"@type\":\"WebPage\",\"@id\":\"https:\\\/\\\/www.die-lautmalerei.de\\\/?page_id=160\",\"url\":\"https:\\\/\\\/www.die-lautmalerei.de\\\/?page_id=160\",\"name\":\"Die genaue Definition von Lautmalerei - Die Lautmalerei\",\"isPartOf\":{\"@id\":\"https:\\\/\\\/www.die-lautmalerei.de\\\/#website\"},\"datePublished\":\"2020-04-26T16:47:59+00:00\",\"dateModified\":\"2020-04-26T16:48:50+00:00\",\"breadcrumb\":{\"@id\":\"https:\\\/\\\/www.die-lautmalerei.de\\\/?page_id=160#breadcrumb\"},\"inLanguage\":\"de\",\"potentialAction\":[{\"@type\":\"ReadAction\",\"target\":[\"https:\\\/\\\/www.die-lautmalerei.de\\\/?page_id=160\"]}]},{\"@type\":\"BreadcrumbList\",\"@id\":\"https:\\\/\\\/www.die-lautmalerei.de\\\/?page_id=160#breadcrumb\",\"itemListElement\":[{\"@type\":\"ListItem\",\"position\":1,\"name\":\"Startseite\",\"item\":\"https:\\\/\\\/www.die-lautmalerei.de\\\/\"},{\"@type\":\"ListItem\",\"position\":2,\"name\":\"Die genaue Definition von Lautmalerei\"}]},{\"@type\":\"WebSite\",\"@id\":\"https:\\\/\\\/www.die-lautmalerei.de\\\/#website\",\"url\":\"https:\\\/\\\/www.die-lautmalerei.de\\\/\",\"name\":\"Die Lautmalerei\",\"description\":\"Lektorat und Text\",\"potentialAction\":[{\"@type\":\"SearchAction\",\"target\":{\"@type\":\"EntryPoint\",\"urlTemplate\":\"https:\\\/\\\/www.die-lautmalerei.de\\\/?s={search_term_string}\"},\"query-input\":{\"@type\":\"PropertyValueSpecification\",\"valueRequired\":true,\"valueName\":\"search_term_string\"}}],\"inLanguage\":\"de\"}]}<\/script>\n<!-- \/ Yoast SEO plugin. -->","yoast_head_json":{"title":"Die genaue Definition von Lautmalerei - Die Lautmalerei","robots":{"index":"index","follow":"follow","max-snippet":"max-snippet:-1","max-image-preview":"max-image-preview:large","max-video-preview":"max-video-preview:-1"},"canonical":"https:\/\/www.die-lautmalerei.de\/?page_id=160","og_locale":"de_DE","og_type":"article","og_title":"Die genaue Definition von Lautmalerei - Die Lautmalerei","og_description":"Erwischt! Meine Definition von Lautmalerei stimmt nur ungef\u00e4hr. Aber ist sie nicht eine sch\u00f6ne Metapher? F\u00fcr Genau-wissen-Woller*innen: Lautmalerei bezeichnet in&hellip;","og_url":"https:\/\/www.die-lautmalerei.de\/?page_id=160","og_site_name":"Die Lautmalerei","article_modified_time":"2020-04-26T16:48:50+00:00","twitter_card":"summary_large_image","schema":{"@context":"https:\/\/schema.org","@graph":[{"@type":"WebPage","@id":"https:\/\/www.die-lautmalerei.de\/?page_id=160","url":"https:\/\/www.die-lautmalerei.de\/?page_id=160","name":"Die genaue Definition von Lautmalerei - Die Lautmalerei","isPartOf":{"@id":"https:\/\/www.die-lautmalerei.de\/#website"},"datePublished":"2020-04-26T16:47:59+00:00","dateModified":"2020-04-26T16:48:50+00:00","breadcrumb":{"@id":"https:\/\/www.die-lautmalerei.de\/?page_id=160#breadcrumb"},"inLanguage":"de","potentialAction":[{"@type":"ReadAction","target":["https:\/\/www.die-lautmalerei.de\/?page_id=160"]}]},{"@type":"BreadcrumbList","@id":"https:\/\/www.die-lautmalerei.de\/?page_id=160#breadcrumb","itemListElement":[{"@type":"ListItem","position":1,"name":"Startseite","item":"https:\/\/www.die-lautmalerei.de\/"},{"@type":"ListItem","position":2,"name":"Die genaue Definition von Lautmalerei"}]},{"@type":"WebSite","@id":"https:\/\/www.die-lautmalerei.de\/#website","url":"https:\/\/www.die-lautmalerei.de\/","name":"Die Lautmalerei","description":"Lektorat und Text","potentialAction":[{"@type":"SearchAction","target":{"@type":"EntryPoint","urlTemplate":"https:\/\/www.die-lautmalerei.de\/?s={search_term_string}"},"query-input":{"@type":"PropertyValueSpecification","valueRequired":true,"valueName":"search_term_string"}}],"inLanguage":"de"}]}},"_links":{"self":[{"href":"https:\/\/www.die-lautmalerei.de\/index.php?rest_route=\/wp\/v2\/pages\/160","targetHints":{"allow":["GET"]}}],"collection":[{"href":"https:\/\/www.die-lautmalerei.de\/index.php?rest_route=\/wp\/v2\/pages"}],"about":[{"href":"https:\/\/www.die-lautmalerei.de\/index.php?rest_route=\/wp\/v2\/types\/page"}],"author":[{"embeddable":true,"href":"https:\/\/www.die-lautmalerei.de\/index.php?rest_route=\/wp\/v2\/users\/1"}],"replies":[{"embeddable":true,"href":"https:\/\/www.die-lautmalerei.de\/index.php?rest_route=%2Fwp%2Fv2%2Fcomments&post=160"}],"version-history":[{"count":2,"href":"https:\/\/www.die-lautmalerei.de\/index.php?rest_route=\/wp\/v2\/pages\/160\/revisions"}],"predecessor-version":[{"id":162,"href":"https:\/\/www.die-lautmalerei.de\/index.php?rest_route=\/wp\/v2\/pages\/160\/revisions\/162"}],"wp:attachment":[{"href":"https:\/\/www.die-lautmalerei.de\/index.php?rest_route=%2Fwp%2Fv2%2Fmedia&parent=160"}],"curies":[{"name":"wp","href":"https:\/\/api.w.org\/{rel}","templated":true}]}}