{"id":141,"date":"2020-04-23T00:48:50","date_gmt":"2020-04-22T22:48:50","guid":{"rendered":"https:\/\/www.die-lautmalerei.de\/?page_id=141"},"modified":"2022-01-31T17:04:19","modified_gmt":"2022-01-31T16:04:19","slug":"leistungen","status":"publish","type":"page","link":"https:\/\/www.die-lautmalerei.de\/?page_id=141","title":{"rendered":"Leistungen"},"content":{"rendered":"<p>Meine Leistungen umfassen das <a href=\"#Korrektorat\">Korrektorat<\/a>, <a href=\"#Lektorat\">Lektorat<\/a>, <a href=\"#Wissenschaft\">Wissenschaftslektorat<\/a>, <a href=\"#Werbung\">Werbelektorat<\/a>, <a href=\"#Text\">Texterstellung<\/a>, <a href=\"#Schreibberatung\">wissenschaftliches Coaching<\/a> f\u00fcr Studierende sowie das <a href=\"#Formatieren\">Formatieren<\/a>.<\/p>\n\n\n<h4 class=\"wp-block-heading\" id=\"Korrektorat\"><strong><span class=\"has-inline-color has-vivid-cyan-blue-color\">Korrektorat<\/span><\/strong><\/h4>\n\n\n\n<p>Das Korrekturlesen Ihres Textes beinhaltet die genaue \u00dcberarbeitung von <strong>Rechtschreibung, Grammatik und Zeichensetzung<\/strong>. Ein kundiger menschlicher Kopf entdeckt wesentlich mehr Fehler als die Rechtschreibpr\u00fcfung der g\u00e4ngigen Office-Programme.<\/p>\n\n\n\n<h4 class=\"wp-block-heading\" id=\"Lektorat\"><strong><span class=\"has-inline-color has-vivid-cyan-blue-color\">Lektorat<\/span><\/strong><\/h4>\n\n\n\n<p>Hier ist auch das Korrektorat enthalten, allerdings wird Ihr Text zus\u00e4tzlich zu <strong>Rechtschreibung, Grammatik und Zeichensetzung<\/strong> auch auf noch auf <strong>Stil, Ausdruck und Struktur<\/strong> hin \u00fcberpr\u00fcft. Dabei sind z. B. Fragen wichtig wie:<\/p>\n\n\n\n<ul class=\"wp-block-list\"><li>Kann man dem &#8222;roten Faden&#8220; folgen?<\/li><li>Fehlen noch \u00dcberleitungen?<\/li><li>Sind alle Argumente verst\u00e4ndlich dargestellt?<\/li><\/ul>\n\n\n\n<h4 class=\"wp-block-heading\" id=\"Wissenschaft\"><strong><span class=\"has-inline-color has-vivid-cyan-blue-color\">Wissenschaftliches Lektorat<\/span><\/strong><\/h4>\n\n\n\n<p>Wissenschaftliche Arbeiten (von Wissenschaftler*innen und Studierenden) unterliegen <strong>ganz besonderen Anforderungen<\/strong>. Das Wissenschaftslektorat beinhaltet daher <strong>neben den Leistungen des allgemeinen Korrektorats und Lektorats<\/strong> auch die Pr\u00fcfung auf einen durchgehend<\/p>\n\n\n\n<ul class=\"wp-block-list\"><li>wissenschaftlichen Schreibstil sowie<\/li><li>stichhaltige Argumentationslinien,<\/li><li>innere Logik,<\/li><li>Verst\u00e4ndlichkeit<\/li><li>und eine Pr\u00fcfung der Quellenangaben entsprechend des gew\u00e4hlten Stils (z. B. Harvard, MPA) oder den Vorgaben von Hochschule, Universit\u00e4t und Verlag.<\/li><\/ul>\n\n\n\n<p>Neben den im Korrektorat und Lektorat enthaltenen, nachvollziehbaren Korrekturen erhalten sie also ein <strong>detailliertes Feedback mit konstruktiven Verbesserungsvorschl\u00e4gen<\/strong>, so dass Ihre wissenschaftliche Arbeit sowohl klar als auch seri\u00f6s gestaltet wird.<\/p>\n\n\n\n<h4 class=\"wp-block-heading\" id=\"Werbung\"><mark style=\"background-color:rgba(0, 0, 0, 0)\" class=\"has-inline-color has-vivid-cyan-blue-color\"><strong>Werbelektorat<\/strong><\/mark><\/h4>\n\n\n\n<p>Im Werbelektorat geht es um Medien, die mit mehr als nur Text sprechen, z. B. <strong>Flyer, Websites und Brosch\u00fcren<\/strong>. Neben dem &#8222;normalen&#8220; Lektorat wird die Sprache hier auch dahingehend gepr\u00fcft, ob sie <strong>auf die Zielgruppe abgestimmt<\/strong> ist. Ebenso betrachte ich <strong>Bilder, Graphiken und den Gesamtaufbau<\/strong> von Werbe- und und Informationsmitteln unter der Fragestellung, ob Ihre <strong>Botschaft<\/strong> sich darin widerspiegelt.<\/p>\n\n\n\n<h4 class=\"wp-block-heading\" id=\"Text\"><strong><span class=\"has-inline-color has-vivid-cyan-blue-color\">Texterstellung\/Texten<\/span><\/strong><\/h4>\n\n\n\n<p>Das leere Blatt Papier oder die leere Homepage wirken langsam bedrohlich? Oder Sie finden einfach nicht ganz die richtigen Worte?<\/p>\n\n\n\n<p>Ihr <strong>Text wird f\u00fcr Sie erstellt<\/strong>, und zwar anhand Ihrer Vorstellungen zu Fragen wie:<\/p>\n\n\n\n<ul class=\"wp-block-list\"><li>Was ist die zentrale Botschaft? Was ist noch wichtig?<\/li><li>Wer soll angesprochen werden, oder sich im Text wiederfinden?<\/li><li>Wie soll es klingen? Wonach soll es auf keinen Fall klingen?<\/li><\/ul>\n\n\n\n<p>Dieses Angebot richtet sich an soziale Unternehmen, politische Initiativen, Verb\u00e4nde und Organisationen, aber auch an Privatpersonen. <strong>Das Ergebnis ist ein Text, der sensibel und klar Ihre Adressat*innen anspricht und dabei niemanden aufgrund von kultureller Zugeh\u00f6rigkeit, Gender-Identit\u00e4t, sexueller Orientierung, (dis)ability und weiterer  Faktoren ausschlie\u00dft.<\/strong> <\/p>\n\n\n\n<p>Akademisches Ghostwriting biete ich nicht an.<\/p>\n\n\n\n<h4 class=\"wp-block-heading\" id=\"Schreibberatung\"><strong><span class=\"has-inline-color has-vivid-cyan-blue-color\">Schreibberatung\/wissenschaftliches Coaching<\/span><\/strong><\/h4>\n\n\n\n<p>Das wissenschaftliche Coaching ist ein Angebot f\u00fcr Studierende, die wissenschaftliche Arbeiten verfassen. \u00dcblicherweise finden <strong>mehrere Sitzungen<\/strong> <strong>per Skype<\/strong> oder auf anderen Onlinemedien statt, auch Einzeltermine sind m\u00f6glich. Ziel ist die <strong>Unterst\u00fctzung Studierender in allen Phasen der wissenschaftlichen Arbeit<\/strong>, z. B. bei der Themenfindung, Literaturrecherche und der Konzeption der Gliederung. Das Ziel ist es,<\/p>\n\n\n\n<ul class=\"wp-block-list\"><li>sich sicher im eigenen Thema zurechtzufinden,<\/li><li>Motivationstiefs zu vermeiden oder zu \u00fcberwinden sowie<\/li><li>wissenschaftliches Arbeiten und Schreiben zu lernen.<\/li><\/ul>\n\n\n\n<p>Dazu geh\u00f6rt auch ein systematischer <strong>\u00dcberblick \u00fcber den Schreibprozess<\/strong>, das Lernen und Ein\u00fcben <strong>verschiedener Schreib- und Lesetechniken<\/strong>, und auf Wunsch ein <strong>Feedback zu bereits geschriebenen Texten<\/strong>. So kann wissenschaftliches Arbeiten direkt an und mit dem eigenen Text gelernt werden.<\/p>\n\n\n\n<h4 class=\"wp-block-heading\" id=\"Formatieren\"><strong><span class=\"has-inline-color has-vivid-cyan-blue-color\">Formatieren<\/span><\/strong><\/h4>\n\n\n\n<p>Es soll auch gut aussehen! Ich <strong>formatiere Ihren Text in Word<\/strong>, einschlie\u00dflich Tabellen, Inhaltsverzeichnis, Literaturverzeichnis etc., auf Wunsch entsprechend den Vorgaben einer Universit\u00e4t, Hochschule oder eines Verlags.<\/p>\n","protected":false},"excerpt":{"rendered":"<p>Meine Leistungen umfassen das Korrektorat, Lektorat, Wissenschaftslektorat, Werbelektorat, Texterstellung, wissenschaftliches Coaching f\u00fcr Studierende sowie das Formatieren. Korrektorat Das Korrekturlesen Ihres&hellip; <\/p>\n","protected":false},"author":1,"featured_media":0,"parent":0,"menu_order":0,"comment_status":"closed","ping_status":"closed","template":"","meta":{"footnotes":""},"class_list":["post-141","page","type-page","status-publish","hentry"],"yoast_head":"<!-- This site is optimized with the Yoast SEO plugin v27.5 - https:\/\/yoast.com\/product\/yoast-seo-wordpress\/ -->\n<title>Leistungen - Die Lautmalerei<\/title>\n<meta name=\"robots\" content=\"index, follow, max-snippet:-1, max-image-preview:large, max-video-preview:-1\" \/>\n<link rel=\"canonical\" href=\"https:\/\/www.die-lautmalerei.de\/?page_id=141\" \/>\n<meta property=\"og:locale\" content=\"de_DE\" \/>\n<meta property=\"og:type\" content=\"article\" \/>\n<meta property=\"og:title\" content=\"Leistungen - Die Lautmalerei\" \/>\n<meta property=\"og:description\" content=\"Meine Leistungen umfassen das Korrektorat, Lektorat, Wissenschaftslektorat, Werbelektorat, Texterstellung, wissenschaftliches Coaching f\u00fcr Studierende sowie das Formatieren. Korrektorat Das Korrekturlesen Ihres&hellip;\" \/>\n<meta property=\"og:url\" content=\"https:\/\/www.die-lautmalerei.de\/?page_id=141\" \/>\n<meta property=\"og:site_name\" content=\"Die Lautmalerei\" \/>\n<meta property=\"article:modified_time\" content=\"2022-01-31T16:04:19+00:00\" \/>\n<meta name=\"twitter:card\" content=\"summary_large_image\" \/>\n<meta name=\"twitter:label1\" content=\"Gesch\u00e4tzte Lesezeit\" \/>\n\t<meta name=\"twitter:data1\" content=\"3\u00a0Minuten\" \/>\n<script type=\"application\/ld+json\" class=\"yoast-schema-graph\">{\"@context\":\"https:\\\/\\\/schema.org\",\"@graph\":[{\"@type\":\"WebPage\",\"@id\":\"https:\\\/\\\/www.die-lautmalerei.de\\\/?page_id=141\",\"url\":\"https:\\\/\\\/www.die-lautmalerei.de\\\/?page_id=141\",\"name\":\"Leistungen - Die Lautmalerei\",\"isPartOf\":{\"@id\":\"https:\\\/\\\/www.die-lautmalerei.de\\\/#website\"},\"datePublished\":\"2020-04-22T22:48:50+00:00\",\"dateModified\":\"2022-01-31T16:04:19+00:00\",\"breadcrumb\":{\"@id\":\"https:\\\/\\\/www.die-lautmalerei.de\\\/?page_id=141#breadcrumb\"},\"inLanguage\":\"de\",\"potentialAction\":[{\"@type\":\"ReadAction\",\"target\":[\"https:\\\/\\\/www.die-lautmalerei.de\\\/?page_id=141\"]}]},{\"@type\":\"BreadcrumbList\",\"@id\":\"https:\\\/\\\/www.die-lautmalerei.de\\\/?page_id=141#breadcrumb\",\"itemListElement\":[{\"@type\":\"ListItem\",\"position\":1,\"name\":\"Startseite\",\"item\":\"https:\\\/\\\/www.die-lautmalerei.de\\\/\"},{\"@type\":\"ListItem\",\"position\":2,\"name\":\"Leistungen\"}]},{\"@type\":\"WebSite\",\"@id\":\"https:\\\/\\\/www.die-lautmalerei.de\\\/#website\",\"url\":\"https:\\\/\\\/www.die-lautmalerei.de\\\/\",\"name\":\"Die Lautmalerei\",\"description\":\"Lektorat und Text\",\"potentialAction\":[{\"@type\":\"SearchAction\",\"target\":{\"@type\":\"EntryPoint\",\"urlTemplate\":\"https:\\\/\\\/www.die-lautmalerei.de\\\/?s={search_term_string}\"},\"query-input\":{\"@type\":\"PropertyValueSpecification\",\"valueRequired\":true,\"valueName\":\"search_term_string\"}}],\"inLanguage\":\"de\"}]}<\/script>\n<!-- \/ Yoast SEO plugin. -->","yoast_head_json":{"title":"Leistungen - Die Lautmalerei","robots":{"index":"index","follow":"follow","max-snippet":"max-snippet:-1","max-image-preview":"max-image-preview:large","max-video-preview":"max-video-preview:-1"},"canonical":"https:\/\/www.die-lautmalerei.de\/?page_id=141","og_locale":"de_DE","og_type":"article","og_title":"Leistungen - Die Lautmalerei","og_description":"Meine Leistungen umfassen das Korrektorat, Lektorat, Wissenschaftslektorat, Werbelektorat, Texterstellung, wissenschaftliches Coaching f\u00fcr Studierende sowie das Formatieren. Korrektorat Das Korrekturlesen Ihres&hellip;","og_url":"https:\/\/www.die-lautmalerei.de\/?page_id=141","og_site_name":"Die Lautmalerei","article_modified_time":"2022-01-31T16:04:19+00:00","twitter_card":"summary_large_image","twitter_misc":{"Gesch\u00e4tzte Lesezeit":"3\u00a0Minuten"},"schema":{"@context":"https:\/\/schema.org","@graph":[{"@type":"WebPage","@id":"https:\/\/www.die-lautmalerei.de\/?page_id=141","url":"https:\/\/www.die-lautmalerei.de\/?page_id=141","name":"Leistungen - Die Lautmalerei","isPartOf":{"@id":"https:\/\/www.die-lautmalerei.de\/#website"},"datePublished":"2020-04-22T22:48:50+00:00","dateModified":"2022-01-31T16:04:19+00:00","breadcrumb":{"@id":"https:\/\/www.die-lautmalerei.de\/?page_id=141#breadcrumb"},"inLanguage":"de","potentialAction":[{"@type":"ReadAction","target":["https:\/\/www.die-lautmalerei.de\/?page_id=141"]}]},{"@type":"BreadcrumbList","@id":"https:\/\/www.die-lautmalerei.de\/?page_id=141#breadcrumb","itemListElement":[{"@type":"ListItem","position":1,"name":"Startseite","item":"https:\/\/www.die-lautmalerei.de\/"},{"@type":"ListItem","position":2,"name":"Leistungen"}]},{"@type":"WebSite","@id":"https:\/\/www.die-lautmalerei.de\/#website","url":"https:\/\/www.die-lautmalerei.de\/","name":"Die Lautmalerei","description":"Lektorat und Text","potentialAction":[{"@type":"SearchAction","target":{"@type":"EntryPoint","urlTemplate":"https:\/\/www.die-lautmalerei.de\/?s={search_term_string}"},"query-input":{"@type":"PropertyValueSpecification","valueRequired":true,"valueName":"search_term_string"}}],"inLanguage":"de"}]}},"_links":{"self":[{"href":"https:\/\/www.die-lautmalerei.de\/index.php?rest_route=\/wp\/v2\/pages\/141","targetHints":{"allow":["GET"]}}],"collection":[{"href":"https:\/\/www.die-lautmalerei.de\/index.php?rest_route=\/wp\/v2\/pages"}],"about":[{"href":"https:\/\/www.die-lautmalerei.de\/index.php?rest_route=\/wp\/v2\/types\/page"}],"author":[{"embeddable":true,"href":"https:\/\/www.die-lautmalerei.de\/index.php?rest_route=\/wp\/v2\/users\/1"}],"replies":[{"embeddable":true,"href":"https:\/\/www.die-lautmalerei.de\/index.php?rest_route=%2Fwp%2Fv2%2Fcomments&post=141"}],"version-history":[{"count":19,"href":"https:\/\/www.die-lautmalerei.de\/index.php?rest_route=\/wp\/v2\/pages\/141\/revisions"}],"predecessor-version":[{"id":383,"href":"https:\/\/www.die-lautmalerei.de\/index.php?rest_route=\/wp\/v2\/pages\/141\/revisions\/383"}],"wp:attachment":[{"href":"https:\/\/www.die-lautmalerei.de\/index.php?rest_route=%2Fwp%2Fv2%2Fmedia&parent=141"}],"curies":[{"name":"wp","href":"https:\/\/api.w.org\/{rel}","templated":true}]}}